{"id":4319,"date":"2017-11-08T18:27:47","date_gmt":"2017-11-08T17:27:47","guid":{"rendered":"https:\/\/drpuig.com\/en\/?page_id=4319"},"modified":"2021-12-20T21:15:30","modified_gmt":"2021-12-20T20:15:30","slug":"gynecomastia-valencia-gandia-male-breast-reduction","status":"publish","type":"page","link":"https:\/\/drpuig.com\/en\/plastic-surgery\/male-surgery\/male-body-surgery\/gynecomastia-valencia-gandia-male-breast-reduction\/","title":{"rendered":"Gynecomastia Valencia-Gandia: male breast reduction"},"content":{"rendered":"\n","protected":false},"excerpt":{"rendered":"","protected":false},"author":6,"featured_media":0,"parent":3575,"menu_order":0,"comment_status":"closed","ping_status":"open","template":"","meta":{"footnotes":""},"class_list":["post-4319","page","type-page","status-publish","hentry"],"yoast_head":"<!-- This site is optimized with the Yoast SEO plugin v27.2 - https:\/\/yoast.com\/product\/yoast-seo-wordpress\/ -->\n<title>Gynecomastia Valencia-Gandia: male breast reductionDr.Puig<\/title>\n<meta name=\"description\" content=\"Male Breast Reduction in Valencia Dr. Puig: eliminate excess fat, glandular tissue and skin. Make an appointment. 96 394 21 68\" \/>\n<meta name=\"robots\" content=\"index, follow, max-snippet:-1, max-image-preview:large, max-video-preview:-1\" \/>\n<link rel=\"canonical\" href=\"https:\/\/drpuig.com\/en\/plastic-surgery\/male-surgery\/male-body-surgery\/gynecomastia-valencia-gandia-male-breast-reduction\/\" \/>\n<meta property=\"og:locale\" content=\"en_US\" \/>\n<meta property=\"og:type\" content=\"article\" \/>\n<meta property=\"og:title\" content=\"Gynecomastia Valencia-Gandia: male breast reductionDr.Puig\" \/>\n<meta property=\"og:description\" content=\"Male Breast Reduction in Valencia Dr. Puig: eliminate excess fat, glandular tissue and skin. Make an appointment. 96 394 21 68\" \/>\n<meta property=\"og:url\" content=\"https:\/\/drpuig.com\/en\/plastic-surgery\/male-surgery\/male-body-surgery\/gynecomastia-valencia-gandia-male-breast-reduction\/\" \/>\n<meta property=\"og:site_name\" content=\"Dr. Julio Puig\" \/>\n<meta property=\"article:publisher\" content=\"https:\/\/www.facebook.com\/dr.juliopuig\/\" \/>\n<meta property=\"article:modified_time\" content=\"2021-12-20T20:15:30+00:00\" \/>\n<script type=\"application\/ld+json\" class=\"yoast-schema-graph\">{\"@context\":\"https:\/\/schema.org\",\"@graph\":[{\"@type\":\"WebPage\",\"@id\":\"https:\/\/drpuig.com\/en\/plastic-surgery\/male-surgery\/male-body-surgery\/gynecomastia-valencia-gandia-male-breast-reduction\/\",\"url\":\"https:\/\/drpuig.com\/en\/plastic-surgery\/male-surgery\/male-body-surgery\/gynecomastia-valencia-gandia-male-breast-reduction\/\",\"name\":\"Gynecomastia Valencia-Gandia: male breast reductionDr.Puig\",\"isPartOf\":{\"@id\":\"http:\/\/drpuig.com\/#website\"},\"datePublished\":\"2017-11-08T17:27:47+00:00\",\"dateModified\":\"2021-12-20T20:15:30+00:00\",\"description\":\"Male Breast Reduction in Valencia Dr. Puig: eliminate excess fat, glandular tissue and skin. Make an appointment. 96 394 21 68\",\"breadcrumb\":{\"@id\":\"https:\/\/drpuig.com\/en\/plastic-surgery\/male-surgery\/male-body-surgery\/gynecomastia-valencia-gandia-male-breast-reduction\/#breadcrumb\"},\"inLanguage\":\"en-US\",\"potentialAction\":[{\"@type\":\"ReadAction\",\"target\":[\"https:\/\/drpuig.com\/en\/plastic-surgery\/male-surgery\/male-body-surgery\/gynecomastia-valencia-gandia-male-breast-reduction\/\"]}]},{\"@type\":\"BreadcrumbList\",\"@id\":\"https:\/\/drpuig.com\/en\/plastic-surgery\/male-surgery\/male-body-surgery\/gynecomastia-valencia-gandia-male-breast-reduction\/#breadcrumb\",\"itemListElement\":[{\"@type\":\"ListItem\",\"position\":1,\"name\":\"Experts in Aesthetic, Plastic and Restorative surgery\",\"item\":\"https:\/\/drpuig.com\/en\/plastic-surgery\/\"},{\"@type\":\"ListItem\",\"position\":2,\"name\":\"Male Plastic &#8211; Cosmetic Surgery\",\"item\":\"http:\/\/drpuig.com\/en\/plastic-surgery\/male-surgery\/\"},{\"@type\":\"ListItem\",\"position\":3,\"name\":\"Male Body Surgery Valencia | Gandia\",\"item\":\"https:\/\/drpuig.com\/en\/plastic-surgery\/male-surgery\/male-body-surgery\/\"},{\"@type\":\"ListItem\",\"position\":4,\"name\":\"Gynecomastia Valencia-Gandia: male breast reduction\"}]},{\"@type\":\"WebSite\",\"@id\":\"http:\/\/drpuig.com\/#website\",\"url\":\"http:\/\/drpuig.com\/\",\"name\":\"Dr. Julio Puig\",\"description\":\"Centro de cirug\u00eda pl\u00e1stica y medicina est\u00e9tica\",\"publisher\":{\"@id\":\"http:\/\/drpuig.com\/#organization\"},\"alternateName\":\"Cl\u00ednica cirug\u00eda est\u00e9tica Dr. Julio Puig\",\"potentialAction\":[{\"@type\":\"SearchAction\",\"target\":{\"@type\":\"EntryPoint\",\"urlTemplate\":\"http:\/\/drpuig.com\/?s={search_term_string}\"},\"query-input\":{\"@type\":\"PropertyValueSpecification\",\"valueRequired\":true,\"valueName\":\"search_term_string\"}}],\"inLanguage\":\"en-US\"},{\"@type\":\"Organization\",\"@id\":\"http:\/\/drpuig.com\/#organization\",\"name\":\"Cl\u00ednica de Cirug\u00eda Est\u00e9tica Dr. Julio Puig\",\"url\":\"http:\/\/drpuig.com\/\",\"logo\":{\"@type\":\"ImageObject\",\"inLanguage\":\"en-US\",\"@id\":\"http:\/\/drpuig.com\/#\/schema\/logo\/image\/\",\"url\":\"http:\/\/drpuig.com\/wp-content\/uploads\/2016\/11\/logodrpuig112016.jpg\",\"contentUrl\":\"http:\/\/drpuig.com\/wp-content\/uploads\/2016\/11\/logodrpuig112016.jpg\",\"width\":500,\"height\":133,\"caption\":\"Cl\u00ednica de Cirug\u00eda Est\u00e9tica Dr. Julio Puig\"},\"image\":{\"@id\":\"http:\/\/drpuig.com\/#\/schema\/logo\/image\/\"},\"sameAs\":[\"https:\/\/www.facebook.com\/dr.juliopuig\/\",\"https:\/\/x.com\/Julio_puig\",\"https:\/\/www.instagram.com\/dr.juliopuig\/?hl=es\",\"https:\/\/www.youtube.com\/channel\/UC6U1JC3jigBreWZLv9ZFoeA\"]}]}<\/script>\n<!-- \/ Yoast SEO plugin. -->","yoast_head_json":{"title":"Gynecomastia Valencia-Gandia: male breast reductionDr.Puig","description":"Male Breast Reduction in Valencia Dr. Puig: eliminate excess fat, glandular tissue and skin. Make an appointment. 96 394 21 68","robots":{"index":"index","follow":"follow","max-snippet":"max-snippet:-1","max-image-preview":"max-image-preview:large","max-video-preview":"max-video-preview:-1"},"canonical":"https:\/\/drpuig.com\/en\/plastic-surgery\/male-surgery\/male-body-surgery\/gynecomastia-valencia-gandia-male-breast-reduction\/","og_locale":"en_US","og_type":"article","og_title":"Gynecomastia Valencia-Gandia: male breast reductionDr.Puig","og_description":"Male Breast Reduction in Valencia Dr. Puig: eliminate excess fat, glandular tissue and skin. Make an appointment. 96 394 21 68","og_url":"https:\/\/drpuig.com\/en\/plastic-surgery\/male-surgery\/male-body-surgery\/gynecomastia-valencia-gandia-male-breast-reduction\/","og_site_name":"Dr. Julio Puig","article_publisher":"https:\/\/www.facebook.com\/dr.juliopuig\/","article_modified_time":"2021-12-20T20:15:30+00:00","schema":{"@context":"https:\/\/schema.org","@graph":[{"@type":"WebPage","@id":"https:\/\/drpuig.com\/en\/plastic-surgery\/male-surgery\/male-body-surgery\/gynecomastia-valencia-gandia-male-breast-reduction\/","url":"https:\/\/drpuig.com\/en\/plastic-surgery\/male-surgery\/male-body-surgery\/gynecomastia-valencia-gandia-male-breast-reduction\/","name":"Gynecomastia Valencia-Gandia: male breast reductionDr.Puig","isPartOf":{"@id":"http:\/\/drpuig.com\/#website"},"datePublished":"2017-11-08T17:27:47+00:00","dateModified":"2021-12-20T20:15:30+00:00","description":"Male Breast Reduction in Valencia Dr. Puig: eliminate excess fat, glandular tissue and skin. Make an appointment. 96 394 21 68","breadcrumb":{"@id":"https:\/\/drpuig.com\/en\/plastic-surgery\/male-surgery\/male-body-surgery\/gynecomastia-valencia-gandia-male-breast-reduction\/#breadcrumb"},"inLanguage":"en-US","potentialAction":[{"@type":"ReadAction","target":["https:\/\/drpuig.com\/en\/plastic-surgery\/male-surgery\/male-body-surgery\/gynecomastia-valencia-gandia-male-breast-reduction\/"]}]},{"@type":"BreadcrumbList","@id":"https:\/\/drpuig.com\/en\/plastic-surgery\/male-surgery\/male-body-surgery\/gynecomastia-valencia-gandia-male-breast-reduction\/#breadcrumb","itemListElement":[{"@type":"ListItem","position":1,"name":"Experts in Aesthetic, Plastic and Restorative surgery","item":"https:\/\/drpuig.com\/en\/plastic-surgery\/"},{"@type":"ListItem","position":2,"name":"Male Plastic &#8211; Cosmetic Surgery","item":"http:\/\/drpuig.com\/en\/plastic-surgery\/male-surgery\/"},{"@type":"ListItem","position":3,"name":"Male Body Surgery Valencia | Gandia","item":"https:\/\/drpuig.com\/en\/plastic-surgery\/male-surgery\/male-body-surgery\/"},{"@type":"ListItem","position":4,"name":"Gynecomastia Valencia-Gandia: male breast reduction"}]},{"@type":"WebSite","@id":"http:\/\/drpuig.com\/#website","url":"http:\/\/drpuig.com\/","name":"Dr. Julio Puig","description":"Centro de cirug\u00eda pl\u00e1stica y medicina est\u00e9tica","publisher":{"@id":"http:\/\/drpuig.com\/#organization"},"alternateName":"Cl\u00ednica cirug\u00eda est\u00e9tica Dr. Julio Puig","potentialAction":[{"@type":"SearchAction","target":{"@type":"EntryPoint","urlTemplate":"http:\/\/drpuig.com\/?s={search_term_string}"},"query-input":{"@type":"PropertyValueSpecification","valueRequired":true,"valueName":"search_term_string"}}],"inLanguage":"en-US"},{"@type":"Organization","@id":"http:\/\/drpuig.com\/#organization","name":"Cl\u00ednica de Cirug\u00eda Est\u00e9tica Dr. Julio Puig","url":"http:\/\/drpuig.com\/","logo":{"@type":"ImageObject","inLanguage":"en-US","@id":"http:\/\/drpuig.com\/#\/schema\/logo\/image\/","url":"http:\/\/drpuig.com\/wp-content\/uploads\/2016\/11\/logodrpuig112016.jpg","contentUrl":"http:\/\/drpuig.com\/wp-content\/uploads\/2016\/11\/logodrpuig112016.jpg","width":500,"height":133,"caption":"Cl\u00ednica de Cirug\u00eda Est\u00e9tica Dr. Julio Puig"},"image":{"@id":"http:\/\/drpuig.com\/#\/schema\/logo\/image\/"},"sameAs":["https:\/\/www.facebook.com\/dr.juliopuig\/","https:\/\/x.com\/Julio_puig","https:\/\/www.instagram.com\/dr.juliopuig\/?hl=es","https:\/\/www.youtube.com\/channel\/UC6U1JC3jigBreWZLv9ZFoeA"]}]}},"_links":{"self":[{"href":"https:\/\/drpuig.com\/en\/wp-json\/wp\/v2\/pages\/4319","targetHints":{"allow":["GET"]}}],"collection":[{"href":"https:\/\/drpuig.com\/en\/wp-json\/wp\/v2\/pages"}],"about":[{"href":"https:\/\/drpuig.com\/en\/wp-json\/wp\/v2\/types\/page"}],"author":[{"embeddable":true,"href":"https:\/\/drpuig.com\/en\/wp-json\/wp\/v2\/users\/6"}],"replies":[{"embeddable":true,"href":"https:\/\/drpuig.com\/en\/wp-json\/wp\/v2\/comments?post=4319"}],"version-history":[{"count":0,"href":"https:\/\/drpuig.com\/en\/wp-json\/wp\/v2\/pages\/4319\/revisions"}],"up":[{"embeddable":true,"href":"https:\/\/drpuig.com\/en\/wp-json\/wp\/v2\/pages\/3575"}],"wp:attachment":[{"href":"https:\/\/drpuig.com\/en\/wp-json\/wp\/v2\/media?parent=4319"}],"curies":[{"name":"wp","href":"https:\/\/api.w.org\/{rel}","templated":true}]}}