{"id":3585,"date":"2016-11-28T19:36:31","date_gmt":"2016-11-28T18:36:31","guid":{"rendered":"http:\/\/drpuig.com\/en\/?page_id=3585"},"modified":"2022-07-28T19:43:25","modified_gmt":"2022-07-28T17:43:25","slug":"male-surgery","status":"publish","type":"page","link":"https:\/\/drpuig.com\/en\/plastic-surgery\/male-surgery\/","title":{"rendered":"Male Plastic &#8211; Cosmetic Surgery"},"content":{"rendered":"\n","protected":false},"excerpt":{"rendered":"","protected":false},"author":6,"featured_media":0,"parent":6312,"menu_order":0,"comment_status":"closed","ping_status":"open","template":"","meta":{"footnotes":""},"class_list":["post-3585","page","type-page","status-publish","hentry"],"yoast_head":"<!-- This site is optimized with the Yoast SEO plugin v27.4 - https:\/\/yoast.com\/product\/yoast-seo-wordpress\/ -->\n<title>Men Plastic Surgery Valencia|Gandia|Denia|Javea Dr.Puig<\/title>\n<meta name=\"description\" content=\"Make an appointment for your male surgery intervention | Gynecomastia, Tummy Tuck, Buttock Augmentation in Valencia, Gandia, Denia, Javea. Tfn: +34 96 287 24 37\" \/>\n<meta name=\"robots\" content=\"index, follow, max-snippet:-1, max-image-preview:large, max-video-preview:-1\" \/>\n<link rel=\"canonical\" href=\"http:\/\/drpuig.com\/en\/plastic-surgery\/male-surgery\/\" \/>\n<meta property=\"og:locale\" content=\"en_US\" \/>\n<meta property=\"og:type\" content=\"article\" \/>\n<meta property=\"og:title\" content=\"Men Plastic Surgery Valencia|Gandia|Denia|Javea Dr.Puig\" \/>\n<meta property=\"og:description\" content=\"Make an appointment for your male surgery intervention | Gynecomastia, Tummy Tuck, Buttock Augmentation in Valencia, Gandia, Denia, Javea. Tfn: +34 96 287 24 37\" \/>\n<meta property=\"og:url\" content=\"http:\/\/drpuig.com\/en\/plastic-surgery\/male-surgery\/\" \/>\n<meta property=\"og:site_name\" content=\"Dr. Julio Puig\" \/>\n<meta property=\"article:publisher\" content=\"https:\/\/www.facebook.com\/dr.juliopuig\/\" \/>\n<meta property=\"article:modified_time\" content=\"2022-07-28T17:43:25+00:00\" \/>\n<script type=\"application\/ld+json\" class=\"yoast-schema-graph\">{\"@context\":\"https:\\\/\\\/schema.org\",\"@graph\":[{\"@type\":\"WebPage\",\"@id\":\"http:\\\/\\\/drpuig.com\\\/en\\\/plastic-surgery\\\/male-surgery\\\/\",\"url\":\"http:\\\/\\\/drpuig.com\\\/en\\\/plastic-surgery\\\/male-surgery\\\/\",\"name\":\"Men Plastic Surgery Valencia|Gandia|Denia|Javea Dr.Puig\",\"isPartOf\":{\"@id\":\"https:\\\/\\\/drpuig.com\\\/#website\"},\"datePublished\":\"2016-11-28T18:36:31+00:00\",\"dateModified\":\"2022-07-28T17:43:25+00:00\",\"description\":\"Make an appointment for your male surgery intervention | Gynecomastia, Tummy Tuck, Buttock Augmentation in Valencia, Gandia, Denia, Javea. Tfn: +34 96 287 24 37\",\"breadcrumb\":{\"@id\":\"http:\\\/\\\/drpuig.com\\\/en\\\/plastic-surgery\\\/male-surgery\\\/#breadcrumb\"},\"inLanguage\":\"en-US\",\"potentialAction\":[{\"@type\":\"ReadAction\",\"target\":[\"http:\\\/\\\/drpuig.com\\\/en\\\/plastic-surgery\\\/male-surgery\\\/\"]}]},{\"@type\":\"BreadcrumbList\",\"@id\":\"http:\\\/\\\/drpuig.com\\\/en\\\/plastic-surgery\\\/male-surgery\\\/#breadcrumb\",\"itemListElement\":[{\"@type\":\"ListItem\",\"position\":1,\"name\":\"Experts in Aesthetic, Plastic and Restorative surgery\",\"item\":\"http:\\\/\\\/drpuig.com\\\/en\\\/plastic-surgery\\\/\"},{\"@type\":\"ListItem\",\"position\":2,\"name\":\"Male Plastic &#8211; Cosmetic Surgery\"}]},{\"@type\":\"WebSite\",\"@id\":\"https:\\\/\\\/drpuig.com\\\/#website\",\"url\":\"https:\\\/\\\/drpuig.com\\\/\",\"name\":\"Dr. Julio Puig\",\"description\":\"Centro de cirug\u00eda pl\u00e1stica y medicina est\u00e9tica\",\"publisher\":{\"@id\":\"https:\\\/\\\/drpuig.com\\\/#organization\"},\"alternateName\":\"Cl\u00ednica cirug\u00eda est\u00e9tica Dr. Julio Puig\",\"potentialAction\":[{\"@type\":\"SearchAction\",\"target\":{\"@type\":\"EntryPoint\",\"urlTemplate\":\"https:\\\/\\\/drpuig.com\\\/?s={search_term_string}\"},\"query-input\":{\"@type\":\"PropertyValueSpecification\",\"valueRequired\":true,\"valueName\":\"search_term_string\"}}],\"inLanguage\":\"en-US\"},{\"@type\":\"Organization\",\"@id\":\"https:\\\/\\\/drpuig.com\\\/#organization\",\"name\":\"Cl\u00ednica de Cirug\u00eda Est\u00e9tica Dr. Julio Puig\",\"url\":\"https:\\\/\\\/drpuig.com\\\/\",\"logo\":{\"@type\":\"ImageObject\",\"inLanguage\":\"en-US\",\"@id\":\"https:\\\/\\\/drpuig.com\\\/#\\\/schema\\\/logo\\\/image\\\/\",\"url\":\"http:\\\/\\\/drpuig.com\\\/wp-content\\\/uploads\\\/2016\\\/11\\\/logodrpuig112016.jpg\",\"contentUrl\":\"http:\\\/\\\/drpuig.com\\\/wp-content\\\/uploads\\\/2016\\\/11\\\/logodrpuig112016.jpg\",\"width\":500,\"height\":133,\"caption\":\"Cl\u00ednica de Cirug\u00eda Est\u00e9tica Dr. Julio Puig\"},\"image\":{\"@id\":\"https:\\\/\\\/drpuig.com\\\/#\\\/schema\\\/logo\\\/image\\\/\"},\"sameAs\":[\"https:\\\/\\\/www.facebook.com\\\/dr.juliopuig\\\/\",\"https:\\\/\\\/x.com\\\/Julio_puig\",\"https:\\\/\\\/www.instagram.com\\\/dr.juliopuig\\\/?hl=es\",\"https:\\\/\\\/www.youtube.com\\\/channel\\\/UC6U1JC3jigBreWZLv9ZFoeA\"]}]}<\/script>\n<!-- \/ Yoast SEO plugin. -->","yoast_head_json":{"title":"Men Plastic Surgery Valencia|Gandia|Denia|Javea Dr.Puig","description":"Make an appointment for your male surgery intervention | Gynecomastia, Tummy Tuck, Buttock Augmentation in Valencia, Gandia, Denia, Javea. Tfn: +34 96 287 24 37","robots":{"index":"index","follow":"follow","max-snippet":"max-snippet:-1","max-image-preview":"max-image-preview:large","max-video-preview":"max-video-preview:-1"},"canonical":"http:\/\/drpuig.com\/en\/plastic-surgery\/male-surgery\/","og_locale":"en_US","og_type":"article","og_title":"Men Plastic Surgery Valencia|Gandia|Denia|Javea Dr.Puig","og_description":"Make an appointment for your male surgery intervention | Gynecomastia, Tummy Tuck, Buttock Augmentation in Valencia, Gandia, Denia, Javea. Tfn: +34 96 287 24 37","og_url":"http:\/\/drpuig.com\/en\/plastic-surgery\/male-surgery\/","og_site_name":"Dr. Julio Puig","article_publisher":"https:\/\/www.facebook.com\/dr.juliopuig\/","article_modified_time":"2022-07-28T17:43:25+00:00","schema":{"@context":"https:\/\/schema.org","@graph":[{"@type":"WebPage","@id":"http:\/\/drpuig.com\/en\/plastic-surgery\/male-surgery\/","url":"http:\/\/drpuig.com\/en\/plastic-surgery\/male-surgery\/","name":"Men Plastic Surgery Valencia|Gandia|Denia|Javea Dr.Puig","isPartOf":{"@id":"https:\/\/drpuig.com\/#website"},"datePublished":"2016-11-28T18:36:31+00:00","dateModified":"2022-07-28T17:43:25+00:00","description":"Make an appointment for your male surgery intervention | Gynecomastia, Tummy Tuck, Buttock Augmentation in Valencia, Gandia, Denia, Javea. Tfn: +34 96 287 24 37","breadcrumb":{"@id":"http:\/\/drpuig.com\/en\/plastic-surgery\/male-surgery\/#breadcrumb"},"inLanguage":"en-US","potentialAction":[{"@type":"ReadAction","target":["http:\/\/drpuig.com\/en\/plastic-surgery\/male-surgery\/"]}]},{"@type":"BreadcrumbList","@id":"http:\/\/drpuig.com\/en\/plastic-surgery\/male-surgery\/#breadcrumb","itemListElement":[{"@type":"ListItem","position":1,"name":"Experts in Aesthetic, Plastic and Restorative surgery","item":"http:\/\/drpuig.com\/en\/plastic-surgery\/"},{"@type":"ListItem","position":2,"name":"Male Plastic &#8211; Cosmetic Surgery"}]},{"@type":"WebSite","@id":"https:\/\/drpuig.com\/#website","url":"https:\/\/drpuig.com\/","name":"Dr. Julio Puig","description":"Centro de cirug\u00eda pl\u00e1stica y medicina est\u00e9tica","publisher":{"@id":"https:\/\/drpuig.com\/#organization"},"alternateName":"Cl\u00ednica cirug\u00eda est\u00e9tica Dr. Julio Puig","potentialAction":[{"@type":"SearchAction","target":{"@type":"EntryPoint","urlTemplate":"https:\/\/drpuig.com\/?s={search_term_string}"},"query-input":{"@type":"PropertyValueSpecification","valueRequired":true,"valueName":"search_term_string"}}],"inLanguage":"en-US"},{"@type":"Organization","@id":"https:\/\/drpuig.com\/#organization","name":"Cl\u00ednica de Cirug\u00eda Est\u00e9tica Dr. Julio Puig","url":"https:\/\/drpuig.com\/","logo":{"@type":"ImageObject","inLanguage":"en-US","@id":"https:\/\/drpuig.com\/#\/schema\/logo\/image\/","url":"http:\/\/drpuig.com\/wp-content\/uploads\/2016\/11\/logodrpuig112016.jpg","contentUrl":"http:\/\/drpuig.com\/wp-content\/uploads\/2016\/11\/logodrpuig112016.jpg","width":500,"height":133,"caption":"Cl\u00ednica de Cirug\u00eda Est\u00e9tica Dr. Julio Puig"},"image":{"@id":"https:\/\/drpuig.com\/#\/schema\/logo\/image\/"},"sameAs":["https:\/\/www.facebook.com\/dr.juliopuig\/","https:\/\/x.com\/Julio_puig","https:\/\/www.instagram.com\/dr.juliopuig\/?hl=es","https:\/\/www.youtube.com\/channel\/UC6U1JC3jigBreWZLv9ZFoeA"]}]}},"_links":{"self":[{"href":"https:\/\/drpuig.com\/en\/wp-json\/wp\/v2\/pages\/3585","targetHints":{"allow":["GET"]}}],"collection":[{"href":"https:\/\/drpuig.com\/en\/wp-json\/wp\/v2\/pages"}],"about":[{"href":"https:\/\/drpuig.com\/en\/wp-json\/wp\/v2\/types\/page"}],"author":[{"embeddable":true,"href":"https:\/\/drpuig.com\/en\/wp-json\/wp\/v2\/users\/6"}],"replies":[{"embeddable":true,"href":"https:\/\/drpuig.com\/en\/wp-json\/wp\/v2\/comments?post=3585"}],"version-history":[{"count":0,"href":"https:\/\/drpuig.com\/en\/wp-json\/wp\/v2\/pages\/3585\/revisions"}],"up":[{"embeddable":true,"href":"https:\/\/drpuig.com\/en\/wp-json\/wp\/v2\/pages\/6312"}],"wp:attachment":[{"href":"https:\/\/drpuig.com\/en\/wp-json\/wp\/v2\/media?parent=3585"}],"curies":[{"name":"wp","href":"https:\/\/api.w.org\/{rel}","templated":true}]}}