{"id":3466,"date":"2016-11-25T19:36:47","date_gmt":"2016-11-25T18:36:47","guid":{"rendered":"http:\/\/drpuig.com\/en\/?page_id=3466"},"modified":"2022-07-28T19:26:31","modified_gmt":"2022-07-28T17:26:31","slug":"face","status":"publish","type":"page","link":"https:\/\/drpuig.com\/en\/plastic-surgery\/face\/","title":{"rendered":"Facial Plastic Surgery"},"content":{"rendered":"\n","protected":false},"excerpt":{"rendered":"","protected":false},"author":6,"featured_media":0,"parent":6312,"menu_order":0,"comment_status":"closed","ping_status":"open","template":"","meta":{"footnotes":""},"class_list":["post-3466","page","type-page","status-publish","hentry"],"yoast_head":"<!-- This site is optimized with the Yoast SEO plugin v27.2 - https:\/\/yoast.com\/product\/yoast-seo-wordpress\/ -->\n<title>Facial Plastic Surgery in Valencia|Gandia|Denia|Javea Dr. Julio Puig<\/title>\n<meta name=\"description\" content=\"Rhinoplasty, Otoplasty, Lifting, Blepharoplasty, Facial Threads treatments in Valencia, Gandia, Denia, Javea, Dr. Julio Puig\" \/>\n<meta name=\"robots\" content=\"index, follow, max-snippet:-1, max-image-preview:large, max-video-preview:-1\" \/>\n<link rel=\"canonical\" href=\"http:\/\/drpuig.com\/en\/plastic-surgery\/face\/\" \/>\n<meta property=\"og:locale\" content=\"en_US\" \/>\n<meta property=\"og:type\" content=\"article\" \/>\n<meta property=\"og:title\" content=\"Facial Plastic Surgery in Valencia|Gandia|Denia|Javea Dr. Julio Puig\" \/>\n<meta property=\"og:description\" content=\"Rhinoplasty, Otoplasty, Lifting, Blepharoplasty, Facial Threads treatments in Valencia, Gandia, Denia, Javea, Dr. Julio Puig\" \/>\n<meta property=\"og:url\" content=\"http:\/\/drpuig.com\/en\/plastic-surgery\/face\/\" \/>\n<meta property=\"og:site_name\" content=\"Dr. Julio Puig\" \/>\n<meta property=\"article:publisher\" content=\"https:\/\/www.facebook.com\/dr.juliopuig\/\" \/>\n<meta property=\"article:modified_time\" content=\"2022-07-28T17:26:31+00:00\" \/>\n<script type=\"application\/ld+json\" class=\"yoast-schema-graph\">{\"@context\":\"https:\/\/schema.org\",\"@graph\":[{\"@type\":\"WebPage\",\"@id\":\"http:\/\/drpuig.com\/en\/plastic-surgery\/face\/\",\"url\":\"http:\/\/drpuig.com\/en\/plastic-surgery\/face\/\",\"name\":\"Facial Plastic Surgery in Valencia|Gandia|Denia|Javea Dr. Julio Puig\",\"isPartOf\":{\"@id\":\"https:\/\/drpuig.com\/#website\"},\"datePublished\":\"2016-11-25T18:36:47+00:00\",\"dateModified\":\"2022-07-28T17:26:31+00:00\",\"description\":\"Rhinoplasty, Otoplasty, Lifting, Blepharoplasty, Facial Threads treatments in Valencia, Gandia, Denia, Javea, Dr. Julio Puig\",\"breadcrumb\":{\"@id\":\"http:\/\/drpuig.com\/en\/plastic-surgery\/face\/#breadcrumb\"},\"inLanguage\":\"en-US\",\"potentialAction\":[{\"@type\":\"ReadAction\",\"target\":[\"http:\/\/drpuig.com\/en\/plastic-surgery\/face\/\"]}]},{\"@type\":\"BreadcrumbList\",\"@id\":\"http:\/\/drpuig.com\/en\/plastic-surgery\/face\/#breadcrumb\",\"itemListElement\":[{\"@type\":\"ListItem\",\"position\":1,\"name\":\"Experts in Aesthetic, Plastic and Restorative surgery\",\"item\":\"http:\/\/drpuig.com\/en\/plastic-surgery\/\"},{\"@type\":\"ListItem\",\"position\":2,\"name\":\"Facial Plastic Surgery\"}]},{\"@type\":\"WebSite\",\"@id\":\"https:\/\/drpuig.com\/#website\",\"url\":\"https:\/\/drpuig.com\/\",\"name\":\"Dr. Julio Puig\",\"description\":\"Centro de cirug\u00eda pl\u00e1stica y medicina est\u00e9tica\",\"publisher\":{\"@id\":\"https:\/\/drpuig.com\/#organization\"},\"alternateName\":\"Cl\u00ednica cirug\u00eda est\u00e9tica Dr. Julio Puig\",\"potentialAction\":[{\"@type\":\"SearchAction\",\"target\":{\"@type\":\"EntryPoint\",\"urlTemplate\":\"https:\/\/drpuig.com\/?s={search_term_string}\"},\"query-input\":{\"@type\":\"PropertyValueSpecification\",\"valueRequired\":true,\"valueName\":\"search_term_string\"}}],\"inLanguage\":\"en-US\"},{\"@type\":\"Organization\",\"@id\":\"https:\/\/drpuig.com\/#organization\",\"name\":\"Cl\u00ednica de Cirug\u00eda Est\u00e9tica Dr. Julio Puig\",\"url\":\"https:\/\/drpuig.com\/\",\"logo\":{\"@type\":\"ImageObject\",\"inLanguage\":\"en-US\",\"@id\":\"https:\/\/drpuig.com\/#\/schema\/logo\/image\/\",\"url\":\"http:\/\/drpuig.com\/wp-content\/uploads\/2016\/11\/logodrpuig112016.jpg\",\"contentUrl\":\"http:\/\/drpuig.com\/wp-content\/uploads\/2016\/11\/logodrpuig112016.jpg\",\"width\":500,\"height\":133,\"caption\":\"Cl\u00ednica de Cirug\u00eda Est\u00e9tica Dr. Julio Puig\"},\"image\":{\"@id\":\"https:\/\/drpuig.com\/#\/schema\/logo\/image\/\"},\"sameAs\":[\"https:\/\/www.facebook.com\/dr.juliopuig\/\",\"https:\/\/x.com\/Julio_puig\",\"https:\/\/www.instagram.com\/dr.juliopuig\/?hl=es\",\"https:\/\/www.youtube.com\/channel\/UC6U1JC3jigBreWZLv9ZFoeA\"]}]}<\/script>\n<!-- \/ Yoast SEO plugin. -->","yoast_head_json":{"title":"Facial Plastic Surgery in Valencia|Gandia|Denia|Javea Dr. Julio Puig","description":"Rhinoplasty, Otoplasty, Lifting, Blepharoplasty, Facial Threads treatments in Valencia, Gandia, Denia, Javea, Dr. Julio Puig","robots":{"index":"index","follow":"follow","max-snippet":"max-snippet:-1","max-image-preview":"max-image-preview:large","max-video-preview":"max-video-preview:-1"},"canonical":"http:\/\/drpuig.com\/en\/plastic-surgery\/face\/","og_locale":"en_US","og_type":"article","og_title":"Facial Plastic Surgery in Valencia|Gandia|Denia|Javea Dr. Julio Puig","og_description":"Rhinoplasty, Otoplasty, Lifting, Blepharoplasty, Facial Threads treatments in Valencia, Gandia, Denia, Javea, Dr. Julio Puig","og_url":"http:\/\/drpuig.com\/en\/plastic-surgery\/face\/","og_site_name":"Dr. Julio Puig","article_publisher":"https:\/\/www.facebook.com\/dr.juliopuig\/","article_modified_time":"2022-07-28T17:26:31+00:00","schema":{"@context":"https:\/\/schema.org","@graph":[{"@type":"WebPage","@id":"http:\/\/drpuig.com\/en\/plastic-surgery\/face\/","url":"http:\/\/drpuig.com\/en\/plastic-surgery\/face\/","name":"Facial Plastic Surgery in Valencia|Gandia|Denia|Javea Dr. Julio Puig","isPartOf":{"@id":"https:\/\/drpuig.com\/#website"},"datePublished":"2016-11-25T18:36:47+00:00","dateModified":"2022-07-28T17:26:31+00:00","description":"Rhinoplasty, Otoplasty, Lifting, Blepharoplasty, Facial Threads treatments in Valencia, Gandia, Denia, Javea, Dr. Julio Puig","breadcrumb":{"@id":"http:\/\/drpuig.com\/en\/plastic-surgery\/face\/#breadcrumb"},"inLanguage":"en-US","potentialAction":[{"@type":"ReadAction","target":["http:\/\/drpuig.com\/en\/plastic-surgery\/face\/"]}]},{"@type":"BreadcrumbList","@id":"http:\/\/drpuig.com\/en\/plastic-surgery\/face\/#breadcrumb","itemListElement":[{"@type":"ListItem","position":1,"name":"Experts in Aesthetic, Plastic and Restorative surgery","item":"http:\/\/drpuig.com\/en\/plastic-surgery\/"},{"@type":"ListItem","position":2,"name":"Facial Plastic Surgery"}]},{"@type":"WebSite","@id":"https:\/\/drpuig.com\/#website","url":"https:\/\/drpuig.com\/","name":"Dr. Julio Puig","description":"Centro de cirug\u00eda pl\u00e1stica y medicina est\u00e9tica","publisher":{"@id":"https:\/\/drpuig.com\/#organization"},"alternateName":"Cl\u00ednica cirug\u00eda est\u00e9tica Dr. Julio Puig","potentialAction":[{"@type":"SearchAction","target":{"@type":"EntryPoint","urlTemplate":"https:\/\/drpuig.com\/?s={search_term_string}"},"query-input":{"@type":"PropertyValueSpecification","valueRequired":true,"valueName":"search_term_string"}}],"inLanguage":"en-US"},{"@type":"Organization","@id":"https:\/\/drpuig.com\/#organization","name":"Cl\u00ednica de Cirug\u00eda Est\u00e9tica Dr. Julio Puig","url":"https:\/\/drpuig.com\/","logo":{"@type":"ImageObject","inLanguage":"en-US","@id":"https:\/\/drpuig.com\/#\/schema\/logo\/image\/","url":"http:\/\/drpuig.com\/wp-content\/uploads\/2016\/11\/logodrpuig112016.jpg","contentUrl":"http:\/\/drpuig.com\/wp-content\/uploads\/2016\/11\/logodrpuig112016.jpg","width":500,"height":133,"caption":"Cl\u00ednica de Cirug\u00eda Est\u00e9tica Dr. Julio Puig"},"image":{"@id":"https:\/\/drpuig.com\/#\/schema\/logo\/image\/"},"sameAs":["https:\/\/www.facebook.com\/dr.juliopuig\/","https:\/\/x.com\/Julio_puig","https:\/\/www.instagram.com\/dr.juliopuig\/?hl=es","https:\/\/www.youtube.com\/channel\/UC6U1JC3jigBreWZLv9ZFoeA"]}]}},"_links":{"self":[{"href":"https:\/\/drpuig.com\/en\/wp-json\/wp\/v2\/pages\/3466","targetHints":{"allow":["GET"]}}],"collection":[{"href":"https:\/\/drpuig.com\/en\/wp-json\/wp\/v2\/pages"}],"about":[{"href":"https:\/\/drpuig.com\/en\/wp-json\/wp\/v2\/types\/page"}],"author":[{"embeddable":true,"href":"https:\/\/drpuig.com\/en\/wp-json\/wp\/v2\/users\/6"}],"replies":[{"embeddable":true,"href":"https:\/\/drpuig.com\/en\/wp-json\/wp\/v2\/comments?post=3466"}],"version-history":[{"count":0,"href":"https:\/\/drpuig.com\/en\/wp-json\/wp\/v2\/pages\/3466\/revisions"}],"up":[{"embeddable":true,"href":"https:\/\/drpuig.com\/en\/wp-json\/wp\/v2\/pages\/6312"}],"wp:attachment":[{"href":"https:\/\/drpuig.com\/en\/wp-json\/wp\/v2\/media?parent=3466"}],"curies":[{"name":"wp","href":"https:\/\/api.w.org\/{rel}","templated":true}]}}