{"id":3398,"date":"2016-11-25T16:08:30","date_gmt":"2016-11-25T15:08:30","guid":{"rendered":"http:\/\/drpuig.com\/en\/?page_id=3398"},"modified":"2023-03-08T12:54:04","modified_gmt":"2023-03-08T11:54:04","slug":"platelet-rich-plasma","status":"publish","type":"page","link":"https:\/\/drpuig.com\/en\/aesthetics\/facial-treatments\/platelet-rich-plasma\/","title":{"rendered":"PRP- Platelet Rich Plasma Rejuvenation"},"content":{"rendered":"\n","protected":false},"excerpt":{"rendered":"","protected":false},"author":6,"featured_media":0,"parent":3514,"menu_order":0,"comment_status":"closed","ping_status":"closed","template":"","meta":{"footnotes":""},"class_list":["post-3398","page","type-page","status-publish","hentry"],"yoast_head":"<!-- This site is optimized with the Yoast SEO plugin v27.2 - https:\/\/yoast.com\/product\/yoast-seo-wordpress\/ -->\n<title>PRP Valencia |Gandia|Denia|Javea Dr. Puig Platelet Rich Plasma near me<\/title>\n<meta name=\"description\" content=\"PRP | Platelet Rich Plasma treatments with Dr. Julio Puig in Valencia, Gandia, Denia, Javea. Make an appointment. Tfn: +34 96 287 24 37\" \/>\n<meta name=\"robots\" content=\"index, follow, max-snippet:-1, max-image-preview:large, max-video-preview:-1\" \/>\n<link rel=\"canonical\" href=\"https:\/\/drpuig.com\/en\/aesthetics\/facial-treatments\/platelet-rich-plasma\/\" \/>\n<meta property=\"og:locale\" content=\"en_US\" \/>\n<meta property=\"og:type\" content=\"article\" \/>\n<meta property=\"og:title\" content=\"PRP Valencia |Gandia|Denia|Javea Dr. Puig Platelet Rich Plasma near me\" \/>\n<meta property=\"og:description\" content=\"PRP | Platelet Rich Plasma treatments with Dr. Julio Puig in Valencia, Gandia, Denia, Javea. Make an appointment. Tfn: +34 96 287 24 37\" \/>\n<meta property=\"og:url\" content=\"https:\/\/drpuig.com\/en\/aesthetics\/facial-treatments\/platelet-rich-plasma\/\" \/>\n<meta property=\"og:site_name\" content=\"Dr. Julio Puig\" \/>\n<meta property=\"article:publisher\" content=\"https:\/\/www.facebook.com\/dr.juliopuig\/\" \/>\n<meta property=\"article:modified_time\" content=\"2023-03-08T11:54:04+00:00\" \/>\n<script type=\"application\/ld+json\" class=\"yoast-schema-graph\">{\"@context\":\"https:\/\/schema.org\",\"@graph\":[{\"@type\":\"WebPage\",\"@id\":\"https:\/\/drpuig.com\/en\/aesthetics\/facial-treatments\/platelet-rich-plasma\/\",\"url\":\"https:\/\/drpuig.com\/en\/aesthetics\/facial-treatments\/platelet-rich-plasma\/\",\"name\":\"PRP Valencia |Gandia|Denia|Javea Dr. Puig Platelet Rich Plasma near me\",\"isPartOf\":{\"@id\":\"https:\/\/drpuig.com\/#website\"},\"datePublished\":\"2016-11-25T15:08:30+00:00\",\"dateModified\":\"2023-03-08T11:54:04+00:00\",\"description\":\"PRP | Platelet Rich Plasma treatments with Dr. Julio Puig in Valencia, Gandia, Denia, Javea. Make an appointment. Tfn: +34 96 287 24 37\",\"breadcrumb\":{\"@id\":\"https:\/\/drpuig.com\/en\/aesthetics\/facial-treatments\/platelet-rich-plasma\/#breadcrumb\"},\"inLanguage\":\"en-US\",\"potentialAction\":[{\"@type\":\"ReadAction\",\"target\":[\"https:\/\/drpuig.com\/en\/aesthetics\/facial-treatments\/platelet-rich-plasma\/\"]}]},{\"@type\":\"BreadcrumbList\",\"@id\":\"https:\/\/drpuig.com\/en\/aesthetics\/facial-treatments\/platelet-rich-plasma\/#breadcrumb\",\"itemListElement\":[{\"@type\":\"ListItem\",\"position\":1,\"name\":\"Aesthetics Clinics in Valencia |Gandia\",\"item\":\"http:\/\/drpuig.com\/en\/aesthetics\/\"},{\"@type\":\"ListItem\",\"position\":2,\"name\":\"Facial Aesthetic Treatments\",\"item\":\"http:\/\/drpuig.com\/en\/aesthetics\/facial-treatments\/\"},{\"@type\":\"ListItem\",\"position\":3,\"name\":\"PRP- Platelet Rich Plasma Rejuvenation\"}]},{\"@type\":\"WebSite\",\"@id\":\"https:\/\/drpuig.com\/#website\",\"url\":\"https:\/\/drpuig.com\/\",\"name\":\"Dr. Julio Puig\",\"description\":\"Centro de cirug\u00eda pl\u00e1stica y medicina est\u00e9tica\",\"publisher\":{\"@id\":\"https:\/\/drpuig.com\/#organization\"},\"alternateName\":\"Cl\u00ednica cirug\u00eda est\u00e9tica Dr. Julio Puig\",\"potentialAction\":[{\"@type\":\"SearchAction\",\"target\":{\"@type\":\"EntryPoint\",\"urlTemplate\":\"https:\/\/drpuig.com\/?s={search_term_string}\"},\"query-input\":{\"@type\":\"PropertyValueSpecification\",\"valueRequired\":true,\"valueName\":\"search_term_string\"}}],\"inLanguage\":\"en-US\"},{\"@type\":\"Organization\",\"@id\":\"https:\/\/drpuig.com\/#organization\",\"name\":\"Cl\u00ednica de Cirug\u00eda Est\u00e9tica Dr. Julio Puig\",\"url\":\"https:\/\/drpuig.com\/\",\"logo\":{\"@type\":\"ImageObject\",\"inLanguage\":\"en-US\",\"@id\":\"https:\/\/drpuig.com\/#\/schema\/logo\/image\/\",\"url\":\"http:\/\/drpuig.com\/wp-content\/uploads\/2016\/11\/logodrpuig112016.jpg\",\"contentUrl\":\"http:\/\/drpuig.com\/wp-content\/uploads\/2016\/11\/logodrpuig112016.jpg\",\"width\":500,\"height\":133,\"caption\":\"Cl\u00ednica de Cirug\u00eda Est\u00e9tica Dr. Julio Puig\"},\"image\":{\"@id\":\"https:\/\/drpuig.com\/#\/schema\/logo\/image\/\"},\"sameAs\":[\"https:\/\/www.facebook.com\/dr.juliopuig\/\",\"https:\/\/x.com\/Julio_puig\",\"https:\/\/www.instagram.com\/dr.juliopuig\/?hl=es\",\"https:\/\/www.youtube.com\/channel\/UC6U1JC3jigBreWZLv9ZFoeA\"]}]}<\/script>\n<!-- \/ Yoast SEO plugin. -->","yoast_head_json":{"title":"PRP Valencia |Gandia|Denia|Javea Dr. Puig Platelet Rich Plasma near me","description":"PRP | Platelet Rich Plasma treatments with Dr. Julio Puig in Valencia, Gandia, Denia, Javea. Make an appointment. Tfn: +34 96 287 24 37","robots":{"index":"index","follow":"follow","max-snippet":"max-snippet:-1","max-image-preview":"max-image-preview:large","max-video-preview":"max-video-preview:-1"},"canonical":"https:\/\/drpuig.com\/en\/aesthetics\/facial-treatments\/platelet-rich-plasma\/","og_locale":"en_US","og_type":"article","og_title":"PRP Valencia |Gandia|Denia|Javea Dr. Puig Platelet Rich Plasma near me","og_description":"PRP | Platelet Rich Plasma treatments with Dr. Julio Puig in Valencia, Gandia, Denia, Javea. Make an appointment. Tfn: +34 96 287 24 37","og_url":"https:\/\/drpuig.com\/en\/aesthetics\/facial-treatments\/platelet-rich-plasma\/","og_site_name":"Dr. Julio Puig","article_publisher":"https:\/\/www.facebook.com\/dr.juliopuig\/","article_modified_time":"2023-03-08T11:54:04+00:00","schema":{"@context":"https:\/\/schema.org","@graph":[{"@type":"WebPage","@id":"https:\/\/drpuig.com\/en\/aesthetics\/facial-treatments\/platelet-rich-plasma\/","url":"https:\/\/drpuig.com\/en\/aesthetics\/facial-treatments\/platelet-rich-plasma\/","name":"PRP Valencia |Gandia|Denia|Javea Dr. Puig Platelet Rich Plasma near me","isPartOf":{"@id":"https:\/\/drpuig.com\/#website"},"datePublished":"2016-11-25T15:08:30+00:00","dateModified":"2023-03-08T11:54:04+00:00","description":"PRP | Platelet Rich Plasma treatments with Dr. Julio Puig in Valencia, Gandia, Denia, Javea. Make an appointment. Tfn: +34 96 287 24 37","breadcrumb":{"@id":"https:\/\/drpuig.com\/en\/aesthetics\/facial-treatments\/platelet-rich-plasma\/#breadcrumb"},"inLanguage":"en-US","potentialAction":[{"@type":"ReadAction","target":["https:\/\/drpuig.com\/en\/aesthetics\/facial-treatments\/platelet-rich-plasma\/"]}]},{"@type":"BreadcrumbList","@id":"https:\/\/drpuig.com\/en\/aesthetics\/facial-treatments\/platelet-rich-plasma\/#breadcrumb","itemListElement":[{"@type":"ListItem","position":1,"name":"Aesthetics Clinics in Valencia |Gandia","item":"http:\/\/drpuig.com\/en\/aesthetics\/"},{"@type":"ListItem","position":2,"name":"Facial Aesthetic Treatments","item":"http:\/\/drpuig.com\/en\/aesthetics\/facial-treatments\/"},{"@type":"ListItem","position":3,"name":"PRP- Platelet Rich Plasma Rejuvenation"}]},{"@type":"WebSite","@id":"https:\/\/drpuig.com\/#website","url":"https:\/\/drpuig.com\/","name":"Dr. Julio Puig","description":"Centro de cirug\u00eda pl\u00e1stica y medicina est\u00e9tica","publisher":{"@id":"https:\/\/drpuig.com\/#organization"},"alternateName":"Cl\u00ednica cirug\u00eda est\u00e9tica Dr. Julio Puig","potentialAction":[{"@type":"SearchAction","target":{"@type":"EntryPoint","urlTemplate":"https:\/\/drpuig.com\/?s={search_term_string}"},"query-input":{"@type":"PropertyValueSpecification","valueRequired":true,"valueName":"search_term_string"}}],"inLanguage":"en-US"},{"@type":"Organization","@id":"https:\/\/drpuig.com\/#organization","name":"Cl\u00ednica de Cirug\u00eda Est\u00e9tica Dr. Julio Puig","url":"https:\/\/drpuig.com\/","logo":{"@type":"ImageObject","inLanguage":"en-US","@id":"https:\/\/drpuig.com\/#\/schema\/logo\/image\/","url":"http:\/\/drpuig.com\/wp-content\/uploads\/2016\/11\/logodrpuig112016.jpg","contentUrl":"http:\/\/drpuig.com\/wp-content\/uploads\/2016\/11\/logodrpuig112016.jpg","width":500,"height":133,"caption":"Cl\u00ednica de Cirug\u00eda Est\u00e9tica Dr. Julio Puig"},"image":{"@id":"https:\/\/drpuig.com\/#\/schema\/logo\/image\/"},"sameAs":["https:\/\/www.facebook.com\/dr.juliopuig\/","https:\/\/x.com\/Julio_puig","https:\/\/www.instagram.com\/dr.juliopuig\/?hl=es","https:\/\/www.youtube.com\/channel\/UC6U1JC3jigBreWZLv9ZFoeA"]}]}},"_links":{"self":[{"href":"https:\/\/drpuig.com\/en\/wp-json\/wp\/v2\/pages\/3398","targetHints":{"allow":["GET"]}}],"collection":[{"href":"https:\/\/drpuig.com\/en\/wp-json\/wp\/v2\/pages"}],"about":[{"href":"https:\/\/drpuig.com\/en\/wp-json\/wp\/v2\/types\/page"}],"author":[{"embeddable":true,"href":"https:\/\/drpuig.com\/en\/wp-json\/wp\/v2\/users\/6"}],"replies":[{"embeddable":true,"href":"https:\/\/drpuig.com\/en\/wp-json\/wp\/v2\/comments?post=3398"}],"version-history":[{"count":0,"href":"https:\/\/drpuig.com\/en\/wp-json\/wp\/v2\/pages\/3398\/revisions"}],"up":[{"embeddable":true,"href":"https:\/\/drpuig.com\/en\/wp-json\/wp\/v2\/pages\/3514"}],"wp:attachment":[{"href":"https:\/\/drpuig.com\/en\/wp-json\/wp\/v2\/media?parent=3398"}],"curies":[{"name":"wp","href":"https:\/\/api.w.org\/{rel}","templated":true}]}}