{"id":3271,"date":"2016-11-23T11:13:47","date_gmt":"2016-11-23T10:13:47","guid":{"rendered":"http:\/\/drpuig.com\/en\/?page_id=3271"},"modified":"2026-02-06T12:58:08","modified_gmt":"2026-02-06T11:58:08","slug":"tummy-tuck","status":"publish","type":"page","link":"https:\/\/drpuig.com\/en\/plastic-surgery\/body\/tummy-tuck\/","title":{"rendered":"Tummy tuck Valencia (Abdominoplasty) | Gandia"},"content":{"rendered":"\n","protected":false},"excerpt":{"rendered":"","protected":false},"author":6,"featured_media":0,"parent":3460,"menu_order":0,"comment_status":"closed","ping_status":"open","template":"","meta":{"footnotes":""},"class_list":["post-3271","page","type-page","status-publish","hentry"],"yoast_head":"<!-- This site is optimized with the Yoast SEO plugin v27.2 - https:\/\/yoast.com\/product\/yoast-seo-wordpress\/ -->\n<title>Abdominoplasty |Tummy Tuck Valencia|Gandia|Denia|Javea Dr.Julio PUig<\/title>\n<meta name=\"description\" content=\"Make an appointment for your Tummy Tuck surgery with Dr. Julio Puig in Valencia, Gandia,Denia, Javea. Tfn:+34 96 2872437\" \/>\n<meta name=\"robots\" content=\"index, follow, max-snippet:-1, max-image-preview:large, max-video-preview:-1\" \/>\n<link rel=\"canonical\" href=\"http:\/\/drpuig.com\/en\/plastic-surgery\/body\/tummy-tuck\/\" \/>\n<meta property=\"og:locale\" content=\"en_US\" \/>\n<meta property=\"og:type\" content=\"article\" \/>\n<meta property=\"og:title\" content=\"Abdominoplasty |Tummy Tuck Valencia|Gandia|Denia|Javea Dr.Julio PUig\" \/>\n<meta property=\"og:description\" content=\"Make an appointment for your Tummy Tuck surgery with Dr. Julio Puig in Valencia, Gandia,Denia, Javea. Tfn:+34 96 2872437\" \/>\n<meta property=\"og:url\" content=\"http:\/\/drpuig.com\/en\/plastic-surgery\/body\/tummy-tuck\/\" \/>\n<meta property=\"og:site_name\" content=\"Dr. Julio Puig\" \/>\n<meta property=\"article:publisher\" content=\"https:\/\/www.facebook.com\/dr.juliopuig\/\" \/>\n<meta property=\"article:modified_time\" content=\"2026-02-06T11:58:08+00:00\" \/>\n<meta name=\"twitter:label1\" content=\"Est. reading time\" \/>\n\t<meta name=\"twitter:data1\" content=\"12 minutes\" \/>\n<script type=\"application\/ld+json\" class=\"yoast-schema-graph\">{\"@context\":\"https:\/\/schema.org\",\"@graph\":[{\"@type\":\"WebPage\",\"@id\":\"http:\/\/drpuig.com\/en\/plastic-surgery\/body\/tummy-tuck\/\",\"url\":\"http:\/\/drpuig.com\/en\/plastic-surgery\/body\/tummy-tuck\/\",\"name\":\"Abdominoplasty |Tummy Tuck Valencia|Gandia|Denia|Javea Dr.Julio PUig\",\"isPartOf\":{\"@id\":\"https:\/\/drpuig.com\/#website\"},\"datePublished\":\"2016-11-23T10:13:47+00:00\",\"dateModified\":\"2026-02-06T11:58:08+00:00\",\"description\":\"Make an appointment for your Tummy Tuck surgery with Dr. Julio Puig in Valencia, Gandia,Denia, Javea. Tfn:+34 96 2872437\",\"breadcrumb\":{\"@id\":\"http:\/\/drpuig.com\/en\/plastic-surgery\/body\/tummy-tuck\/#breadcrumb\"},\"inLanguage\":\"en-US\",\"potentialAction\":[{\"@type\":\"ReadAction\",\"target\":[\"http:\/\/drpuig.com\/en\/plastic-surgery\/body\/tummy-tuck\/\"]}]},{\"@type\":\"BreadcrumbList\",\"@id\":\"http:\/\/drpuig.com\/en\/plastic-surgery\/body\/tummy-tuck\/#breadcrumb\",\"itemListElement\":[{\"@type\":\"ListItem\",\"position\":1,\"name\":\"Experts in Aesthetic, Plastic and Restorative surgery\",\"item\":\"https:\/\/drpuig.com\/en\/plastic-surgery\/\"},{\"@type\":\"ListItem\",\"position\":2,\"name\":\"Body Plastic Surgery\",\"item\":\"https:\/\/drpuig.com\/en\/plastic-surgery\/body\/\"},{\"@type\":\"ListItem\",\"position\":3,\"name\":\"Tummy tuck Valencia (Abdominoplasty) | Gandia\"}]},{\"@type\":\"WebSite\",\"@id\":\"https:\/\/drpuig.com\/#website\",\"url\":\"https:\/\/drpuig.com\/\",\"name\":\"Dr. Julio Puig\",\"description\":\"Centro de cirug\u00eda pl\u00e1stica y medicina est\u00e9tica\",\"publisher\":{\"@id\":\"https:\/\/drpuig.com\/#organization\"},\"alternateName\":\"Cl\u00ednica cirug\u00eda est\u00e9tica Dr. Julio Puig\",\"potentialAction\":[{\"@type\":\"SearchAction\",\"target\":{\"@type\":\"EntryPoint\",\"urlTemplate\":\"https:\/\/drpuig.com\/?s={search_term_string}\"},\"query-input\":{\"@type\":\"PropertyValueSpecification\",\"valueRequired\":true,\"valueName\":\"search_term_string\"}}],\"inLanguage\":\"en-US\"},{\"@type\":\"Organization\",\"@id\":\"https:\/\/drpuig.com\/#organization\",\"name\":\"Cl\u00ednica de Cirug\u00eda Est\u00e9tica Dr. Julio Puig\",\"url\":\"https:\/\/drpuig.com\/\",\"logo\":{\"@type\":\"ImageObject\",\"inLanguage\":\"en-US\",\"@id\":\"https:\/\/drpuig.com\/#\/schema\/logo\/image\/\",\"url\":\"http:\/\/drpuig.com\/wp-content\/uploads\/2016\/11\/logodrpuig112016.jpg\",\"contentUrl\":\"http:\/\/drpuig.com\/wp-content\/uploads\/2016\/11\/logodrpuig112016.jpg\",\"width\":500,\"height\":133,\"caption\":\"Cl\u00ednica de Cirug\u00eda Est\u00e9tica Dr. Julio Puig\"},\"image\":{\"@id\":\"https:\/\/drpuig.com\/#\/schema\/logo\/image\/\"},\"sameAs\":[\"https:\/\/www.facebook.com\/dr.juliopuig\/\",\"https:\/\/x.com\/Julio_puig\",\"https:\/\/www.instagram.com\/dr.juliopuig\/?hl=es\",\"https:\/\/www.youtube.com\/channel\/UC6U1JC3jigBreWZLv9ZFoeA\"]}]}<\/script>\n<!-- \/ Yoast SEO plugin. -->","yoast_head_json":{"title":"Abdominoplasty |Tummy Tuck Valencia|Gandia|Denia|Javea Dr.Julio PUig","description":"Make an appointment for your Tummy Tuck surgery with Dr. Julio Puig in Valencia, Gandia,Denia, Javea. Tfn:+34 96 2872437","robots":{"index":"index","follow":"follow","max-snippet":"max-snippet:-1","max-image-preview":"max-image-preview:large","max-video-preview":"max-video-preview:-1"},"canonical":"http:\/\/drpuig.com\/en\/plastic-surgery\/body\/tummy-tuck\/","og_locale":"en_US","og_type":"article","og_title":"Abdominoplasty |Tummy Tuck Valencia|Gandia|Denia|Javea Dr.Julio PUig","og_description":"Make an appointment for your Tummy Tuck surgery with Dr. Julio Puig in Valencia, Gandia,Denia, Javea. Tfn:+34 96 2872437","og_url":"http:\/\/drpuig.com\/en\/plastic-surgery\/body\/tummy-tuck\/","og_site_name":"Dr. Julio Puig","article_publisher":"https:\/\/www.facebook.com\/dr.juliopuig\/","article_modified_time":"2026-02-06T11:58:08+00:00","twitter_misc":{"Est. reading time":"12 minutes"},"schema":{"@context":"https:\/\/schema.org","@graph":[{"@type":"WebPage","@id":"http:\/\/drpuig.com\/en\/plastic-surgery\/body\/tummy-tuck\/","url":"http:\/\/drpuig.com\/en\/plastic-surgery\/body\/tummy-tuck\/","name":"Abdominoplasty |Tummy Tuck Valencia|Gandia|Denia|Javea Dr.Julio PUig","isPartOf":{"@id":"https:\/\/drpuig.com\/#website"},"datePublished":"2016-11-23T10:13:47+00:00","dateModified":"2026-02-06T11:58:08+00:00","description":"Make an appointment for your Tummy Tuck surgery with Dr. Julio Puig in Valencia, Gandia,Denia, Javea. Tfn:+34 96 2872437","breadcrumb":{"@id":"http:\/\/drpuig.com\/en\/plastic-surgery\/body\/tummy-tuck\/#breadcrumb"},"inLanguage":"en-US","potentialAction":[{"@type":"ReadAction","target":["http:\/\/drpuig.com\/en\/plastic-surgery\/body\/tummy-tuck\/"]}]},{"@type":"BreadcrumbList","@id":"http:\/\/drpuig.com\/en\/plastic-surgery\/body\/tummy-tuck\/#breadcrumb","itemListElement":[{"@type":"ListItem","position":1,"name":"Experts in Aesthetic, Plastic and Restorative surgery","item":"https:\/\/drpuig.com\/en\/plastic-surgery\/"},{"@type":"ListItem","position":2,"name":"Body Plastic Surgery","item":"https:\/\/drpuig.com\/en\/plastic-surgery\/body\/"},{"@type":"ListItem","position":3,"name":"Tummy tuck Valencia (Abdominoplasty) | Gandia"}]},{"@type":"WebSite","@id":"https:\/\/drpuig.com\/#website","url":"https:\/\/drpuig.com\/","name":"Dr. Julio Puig","description":"Centro de cirug\u00eda pl\u00e1stica y medicina est\u00e9tica","publisher":{"@id":"https:\/\/drpuig.com\/#organization"},"alternateName":"Cl\u00ednica cirug\u00eda est\u00e9tica Dr. Julio Puig","potentialAction":[{"@type":"SearchAction","target":{"@type":"EntryPoint","urlTemplate":"https:\/\/drpuig.com\/?s={search_term_string}"},"query-input":{"@type":"PropertyValueSpecification","valueRequired":true,"valueName":"search_term_string"}}],"inLanguage":"en-US"},{"@type":"Organization","@id":"https:\/\/drpuig.com\/#organization","name":"Cl\u00ednica de Cirug\u00eda Est\u00e9tica Dr. Julio Puig","url":"https:\/\/drpuig.com\/","logo":{"@type":"ImageObject","inLanguage":"en-US","@id":"https:\/\/drpuig.com\/#\/schema\/logo\/image\/","url":"http:\/\/drpuig.com\/wp-content\/uploads\/2016\/11\/logodrpuig112016.jpg","contentUrl":"http:\/\/drpuig.com\/wp-content\/uploads\/2016\/11\/logodrpuig112016.jpg","width":500,"height":133,"caption":"Cl\u00ednica de Cirug\u00eda Est\u00e9tica Dr. Julio Puig"},"image":{"@id":"https:\/\/drpuig.com\/#\/schema\/logo\/image\/"},"sameAs":["https:\/\/www.facebook.com\/dr.juliopuig\/","https:\/\/x.com\/Julio_puig","https:\/\/www.instagram.com\/dr.juliopuig\/?hl=es","https:\/\/www.youtube.com\/channel\/UC6U1JC3jigBreWZLv9ZFoeA"]}]}},"_links":{"self":[{"href":"https:\/\/drpuig.com\/en\/wp-json\/wp\/v2\/pages\/3271","targetHints":{"allow":["GET"]}}],"collection":[{"href":"https:\/\/drpuig.com\/en\/wp-json\/wp\/v2\/pages"}],"about":[{"href":"https:\/\/drpuig.com\/en\/wp-json\/wp\/v2\/types\/page"}],"author":[{"embeddable":true,"href":"https:\/\/drpuig.com\/en\/wp-json\/wp\/v2\/users\/6"}],"replies":[{"embeddable":true,"href":"https:\/\/drpuig.com\/en\/wp-json\/wp\/v2\/comments?post=3271"}],"version-history":[{"count":0,"href":"https:\/\/drpuig.com\/en\/wp-json\/wp\/v2\/pages\/3271\/revisions"}],"up":[{"embeddable":true,"href":"https:\/\/drpuig.com\/en\/wp-json\/wp\/v2\/pages\/3460"}],"wp:attachment":[{"href":"https:\/\/drpuig.com\/en\/wp-json\/wp\/v2\/media?parent=3271"}],"curies":[{"name":"wp","href":"https:\/\/api.w.org\/{rel}","templated":true}]}}