{"id":11416,"date":"2025-05-12T11:32:58","date_gmt":"2025-05-12T09:32:58","guid":{"rendered":"https:\/\/drpuig.com\/?page_id=11416"},"modified":"2025-05-12T18:55:04","modified_gmt":"2025-05-12T16:55:04","slug":"post-surgical-massage","status":"publish","type":"page","link":"https:\/\/drpuig.com\/en\/post-surgical-massage\/","title":{"rendered":"Post surgical massage"},"content":{"rendered":"\n","protected":false},"excerpt":{"rendered":"","protected":false},"author":6,"featured_media":0,"parent":0,"menu_order":0,"comment_status":"closed","ping_status":"closed","template":"","meta":{"footnotes":""},"class_list":["post-11416","page","type-page","status-publish","hentry"],"yoast_head":"<!-- This site is optimized with the Yoast SEO plugin v27.2 - https:\/\/yoast.com\/product\/yoast-seo-wordpress\/ -->\n<title>Facial Aesthetics Valencia|Gandia|Denia|Javea Dr. Julio Puig<\/title>\n<meta name=\"description\" content=\"Facial Aesthetics treatments Rhinolook, Lips augmentation, Botox, Mesotherapy, PRP, Facial Fillings in Valencia, Gandia, Denia, Javea. Tfn: +34 96 287 24 37\" \/>\n<meta name=\"robots\" content=\"index, follow, max-snippet:-1, max-image-preview:large, max-video-preview:-1\" \/>\n<link rel=\"canonical\" href=\"http:\/\/drpuig.com\/en\/post-surgical-massage\/\" \/>\n<meta property=\"og:locale\" content=\"en_US\" \/>\n<meta property=\"og:type\" content=\"article\" \/>\n<meta property=\"og:title\" content=\"Facial Aesthetics Valencia|Gandia|Denia|Javea Dr. Julio Puig\" \/>\n<meta property=\"og:description\" content=\"Facial Aesthetics treatments Rhinolook, Lips augmentation, Botox, Mesotherapy, PRP, Facial Fillings in Valencia, Gandia, Denia, Javea. Tfn: +34 96 287 24 37\" \/>\n<meta property=\"og:url\" content=\"http:\/\/drpuig.com\/en\/post-surgical-massage\/\" \/>\n<meta property=\"og:site_name\" content=\"Dr. Julio Puig\" \/>\n<meta property=\"article:publisher\" content=\"https:\/\/www.facebook.com\/dr.juliopuig\/\" \/>\n<meta property=\"article:modified_time\" content=\"2025-05-12T16:55:04+00:00\" \/>\n<script type=\"application\/ld+json\" class=\"yoast-schema-graph\">{\"@context\":\"https:\/\/schema.org\",\"@graph\":[{\"@type\":\"WebPage\",\"@id\":\"http:\/\/drpuig.com\/en\/post-surgical-massage\/\",\"url\":\"http:\/\/drpuig.com\/en\/post-surgical-massage\/\",\"name\":\"Facial Aesthetics Valencia|Gandia|Denia|Javea Dr. Julio Puig\",\"isPartOf\":{\"@id\":\"https:\/\/drpuig.com\/#website\"},\"datePublished\":\"2025-05-12T09:32:58+00:00\",\"dateModified\":\"2025-05-12T16:55:04+00:00\",\"description\":\"Facial Aesthetics treatments Rhinolook, Lips augmentation, Botox, Mesotherapy, PRP, Facial Fillings in Valencia, Gandia, Denia, Javea. Tfn: +34 96 287 24 37\",\"inLanguage\":\"en-US\",\"potentialAction\":[{\"@type\":\"ReadAction\",\"target\":[\"http:\/\/drpuig.com\/en\/post-surgical-massage\/\"]}]},{\"@type\":\"WebSite\",\"@id\":\"https:\/\/drpuig.com\/#website\",\"url\":\"https:\/\/drpuig.com\/\",\"name\":\"Dr. Julio Puig\",\"description\":\"Centro de cirug\u00eda pl\u00e1stica y medicina est\u00e9tica\",\"publisher\":{\"@id\":\"https:\/\/drpuig.com\/#organization\"},\"alternateName\":\"Cl\u00ednica cirug\u00eda est\u00e9tica Dr. Julio Puig\",\"potentialAction\":[{\"@type\":\"SearchAction\",\"target\":{\"@type\":\"EntryPoint\",\"urlTemplate\":\"https:\/\/drpuig.com\/?s={search_term_string}\"},\"query-input\":{\"@type\":\"PropertyValueSpecification\",\"valueRequired\":true,\"valueName\":\"search_term_string\"}}],\"inLanguage\":\"en-US\"},{\"@type\":\"Organization\",\"@id\":\"https:\/\/drpuig.com\/#organization\",\"name\":\"Cl\u00ednica de Cirug\u00eda Est\u00e9tica Dr. Julio Puig\",\"url\":\"https:\/\/drpuig.com\/\",\"logo\":{\"@type\":\"ImageObject\",\"inLanguage\":\"en-US\",\"@id\":\"https:\/\/drpuig.com\/#\/schema\/logo\/image\/\",\"url\":\"http:\/\/drpuig.com\/wp-content\/uploads\/2016\/11\/logodrpuig112016.jpg\",\"contentUrl\":\"http:\/\/drpuig.com\/wp-content\/uploads\/2016\/11\/logodrpuig112016.jpg\",\"width\":500,\"height\":133,\"caption\":\"Cl\u00ednica de Cirug\u00eda Est\u00e9tica Dr. Julio Puig\"},\"image\":{\"@id\":\"https:\/\/drpuig.com\/#\/schema\/logo\/image\/\"},\"sameAs\":[\"https:\/\/www.facebook.com\/dr.juliopuig\/\",\"https:\/\/x.com\/Julio_puig\",\"https:\/\/www.instagram.com\/dr.juliopuig\/?hl=es\",\"https:\/\/www.youtube.com\/channel\/UC6U1JC3jigBreWZLv9ZFoeA\"]}]}<\/script>\n<!-- \/ Yoast SEO plugin. -->","yoast_head_json":{"title":"Facial Aesthetics Valencia|Gandia|Denia|Javea Dr. Julio Puig","description":"Facial Aesthetics treatments Rhinolook, Lips augmentation, Botox, Mesotherapy, PRP, Facial Fillings in Valencia, Gandia, Denia, Javea. Tfn: +34 96 287 24 37","robots":{"index":"index","follow":"follow","max-snippet":"max-snippet:-1","max-image-preview":"max-image-preview:large","max-video-preview":"max-video-preview:-1"},"canonical":"http:\/\/drpuig.com\/en\/post-surgical-massage\/","og_locale":"en_US","og_type":"article","og_title":"Facial Aesthetics Valencia|Gandia|Denia|Javea Dr. Julio Puig","og_description":"Facial Aesthetics treatments Rhinolook, Lips augmentation, Botox, Mesotherapy, PRP, Facial Fillings in Valencia, Gandia, Denia, Javea. Tfn: +34 96 287 24 37","og_url":"http:\/\/drpuig.com\/en\/post-surgical-massage\/","og_site_name":"Dr. Julio Puig","article_publisher":"https:\/\/www.facebook.com\/dr.juliopuig\/","article_modified_time":"2025-05-12T16:55:04+00:00","schema":{"@context":"https:\/\/schema.org","@graph":[{"@type":"WebPage","@id":"http:\/\/drpuig.com\/en\/post-surgical-massage\/","url":"http:\/\/drpuig.com\/en\/post-surgical-massage\/","name":"Facial Aesthetics Valencia|Gandia|Denia|Javea Dr. Julio Puig","isPartOf":{"@id":"https:\/\/drpuig.com\/#website"},"datePublished":"2025-05-12T09:32:58+00:00","dateModified":"2025-05-12T16:55:04+00:00","description":"Facial Aesthetics treatments Rhinolook, Lips augmentation, Botox, Mesotherapy, PRP, Facial Fillings in Valencia, Gandia, Denia, Javea. Tfn: +34 96 287 24 37","inLanguage":"en-US","potentialAction":[{"@type":"ReadAction","target":["http:\/\/drpuig.com\/en\/post-surgical-massage\/"]}]},{"@type":"WebSite","@id":"https:\/\/drpuig.com\/#website","url":"https:\/\/drpuig.com\/","name":"Dr. Julio Puig","description":"Centro de cirug\u00eda pl\u00e1stica y medicina est\u00e9tica","publisher":{"@id":"https:\/\/drpuig.com\/#organization"},"alternateName":"Cl\u00ednica cirug\u00eda est\u00e9tica Dr. Julio Puig","potentialAction":[{"@type":"SearchAction","target":{"@type":"EntryPoint","urlTemplate":"https:\/\/drpuig.com\/?s={search_term_string}"},"query-input":{"@type":"PropertyValueSpecification","valueRequired":true,"valueName":"search_term_string"}}],"inLanguage":"en-US"},{"@type":"Organization","@id":"https:\/\/drpuig.com\/#organization","name":"Cl\u00ednica de Cirug\u00eda Est\u00e9tica Dr. Julio Puig","url":"https:\/\/drpuig.com\/","logo":{"@type":"ImageObject","inLanguage":"en-US","@id":"https:\/\/drpuig.com\/#\/schema\/logo\/image\/","url":"http:\/\/drpuig.com\/wp-content\/uploads\/2016\/11\/logodrpuig112016.jpg","contentUrl":"http:\/\/drpuig.com\/wp-content\/uploads\/2016\/11\/logodrpuig112016.jpg","width":500,"height":133,"caption":"Cl\u00ednica de Cirug\u00eda Est\u00e9tica Dr. Julio Puig"},"image":{"@id":"https:\/\/drpuig.com\/#\/schema\/logo\/image\/"},"sameAs":["https:\/\/www.facebook.com\/dr.juliopuig\/","https:\/\/x.com\/Julio_puig","https:\/\/www.instagram.com\/dr.juliopuig\/?hl=es","https:\/\/www.youtube.com\/channel\/UC6U1JC3jigBreWZLv9ZFoeA"]}]}},"_links":{"self":[{"href":"https:\/\/drpuig.com\/en\/wp-json\/wp\/v2\/pages\/11416","targetHints":{"allow":["GET"]}}],"collection":[{"href":"https:\/\/drpuig.com\/en\/wp-json\/wp\/v2\/pages"}],"about":[{"href":"https:\/\/drpuig.com\/en\/wp-json\/wp\/v2\/types\/page"}],"author":[{"embeddable":true,"href":"https:\/\/drpuig.com\/en\/wp-json\/wp\/v2\/users\/6"}],"replies":[{"embeddable":true,"href":"https:\/\/drpuig.com\/en\/wp-json\/wp\/v2\/comments?post=11416"}],"version-history":[{"count":0,"href":"https:\/\/drpuig.com\/en\/wp-json\/wp\/v2\/pages\/11416\/revisions"}],"wp:attachment":[{"href":"https:\/\/drpuig.com\/en\/wp-json\/wp\/v2\/media?parent=11416"}],"curies":[{"name":"wp","href":"https:\/\/api.w.org\/{rel}","templated":true}]}}